{"id":96,"date":"2020-07-29T19:41:57","date_gmt":"2020-07-29T19:41:57","guid":{"rendered":"https:\/\/naturheilpraxis-potthoff.de\/?page_id=96"},"modified":"2020-07-29T19:41:58","modified_gmt":"2020-07-29T19:41:58","slug":"aderlass","status":"publish","type":"page","link":"https:\/\/naturheilpraxis-potthoff.de\/?page_id=96","title":{"rendered":"Der Aderlass und seine Anwendungsgebiete"},"content":{"rendered":"\n<p>Der Aderlass ist als medizinische Therapie seit Jahrhunderten bekannt. Allerdings wurde die Behandlung w\u00e4hrend des Mittelalters derma\u00dfen exzessiv angewendet, dass sie in Verruf kam. Viele naturheilkundliche Praxen besinnen sich aber wieder auf die Heilmethode und wenden sie zur Umstimmung des Patienten und zur Ausleitung bei einer Reihe von Krankheiten an.<\/p>\n\n\n\n<p>Im wesentlichen kennt man zwei Arten der Durchf\u00fchrung der Behandlung: den Hildegard-Aderlass und den Volumen-Aderlass. Letzterer dient als Ausleitungsverfahren, der Aderlass nach Hildegard ist eine Methode zur Umstimmung, welche den Organismus wieder in sein Gleichgewicht zur\u00fcckf\u00fchren soll.<\/p>\n\n\n\n<h2>Die Wirkung auf dem Organismus<\/h2>\n\n\n\n<p>Die Konstitution des Blutes, besonders seine Flie\u00dfeigenschaften, f\u00fchren zu einer Reihe von Krankheiten oder beeinflussen sie wesentlich. Z\u00e4hfl\u00fcssiges Blut ist ein Symptom f\u00fcr Erkrankungen und in anderen F\u00e4llen auch deren Folge, was sich auf die Gesundheit und mindestens auf die Befindlichkeit des Patienten auswirkt. Deshalb wird dem K\u00f6rper eine bestimmte Blutmenge entnommen, um zu entstauen und eine Neubildung des Blutes anzuregen. Den durch das Verfahren entstehenden Fl\u00fcssigkeitsverlust gleicht der Organismus selber wieder aus. Eiwei\u00dfarmes Exsudat str\u00f6mt aus den Zwischenr\u00e4umen der Zellen nach.<\/p>\n\n\n\n<p>Damit ergibt sich eine Blutverd\u00fcnnung mit gesenktem H\u00e4matokritwert, der den Anteil roter Blutk\u00f6rperchen im Blut angibt. Die roten Blutk\u00f6rperchen, die Erythrozyten, finden damit weniger Widerstand und ihre Bewegung f\u00e4llt leichter, der Blutfluss wird verbessert. Damit werden aber auch die schlecht durchbluteten Areale besser mit Blut versorgt. Der Aderlass lindert somit Entz\u00fcndungen und leitet die sch\u00e4dlichen Stoffe und Ablagerungen aus dem Organismus heraus. Zus\u00e4tzlich ergibt sich ein beruhigender Effekt mit krampfl\u00f6sender und schmerzlindernder Wirkung.<\/p>\n\n\n\n<h2>Der Volumen-Aderlass<\/h2>\n\n\n\n<p>Die zu entnehmende Blutmenge bestimmt sich durch mehrere Faktoren. Das Alter des Patienten ist wesentlich, ebenso die Blutdruckwerte und das H\u00e4matokrit. Etwa monatlich oder zw\u00f6lfmal in einem Jahr wird die Behandlung normalerweise durchgef\u00fchrt.<\/p>\n\n\n\n<p>Der Aderlass kommt aber auch h\u00e4ufiger zur Anwendung. Bei erh\u00f6hter Aufnahme von Eisen im D\u00fcnndarm, der H\u00e4mochromatose, empfiehlt sich sogar die Durchf\u00fchrung einmal w\u00f6chentlich, um das Zeitintervall anschlie\u00dfend allm\u00e4hlich zu verl\u00e4ngern. H\u00e4ufig erfolgt die Blutreduktion dann monatlich bis zu viermal pro Jahr. Begleitend misst man regelm\u00e4\u00dfig den Blutdruck und kontrolliert die H\u00e4matokrit-Werte.<\/p>\n\n\n\n<h2>Vorgehensweise<\/h2>\n\n\n\n<p>Ein Arzt oder auch ein Heilpraktiker kann den Aderlass durchf\u00fchren. Der Volumenaderlass wird so durchgef\u00fchrt, dass der Mediziner mit der Hohlnadel in der Armbeuge seines Patienten eine der oberfl\u00e4chlichen Venen punktiert. Ungef\u00e4hr 500 Milliliter Blut werden dann abgenommen. Spezielle Glasflaschen finden Verwendung, um das entnommene Blut auf hygienische Weise aufzufangen. Die Glasflaschen arbeiten mit Unterdruck.<\/p>\n\n\n\n<h2>Der Aderlass nach Hildegard<\/h2>\n\n\n\n<p>F\u00fcr ihre Methode des Aderlasses orientiert sich Hildegard an den Phasen des Mondes. Die Behandlung f\u00fchrt sie vom ersten bis zum f\u00fcnften Tag nach Vollmond durch. Zwischen 150 und 180 Milliliter Blut werden insgesamt abgenommen. Auch hier wird wieder eine Punktierung einer oberfl\u00e4chlichen Vene durchgef\u00fchrt und wieder mit einer Hohlnadel. Die Blutabnahme erfolgt so lange, bis die dunkelrote F\u00e4rbung des Blutes nachl\u00e4sst und es nunmehr hellrot erscheint. F\u00fcr weitere Diagnosen kann das entnommene Blut untersucht werden.<\/p>\n\n\n\n<p>Der Patient sollte bei der Behandlung n\u00fcchtern ein, denn die zuvor eingenommene Nahrung kann die Blutwerte beeinflussen. Nach einem Aderlass sollte man Di\u00e4t halten, n\u00e4mlich die Hildegard-Di\u00e4t. Eine der Vorschriften lautet, im Anschluss an die Therapie drei Tage lang nichts Gebratenes zu essen. Zus\u00e4tzlich empfiehlt Hildegard, die erste Mahlzeit eines Tages sollte warm zubereitet sein. H\u00e4ufig kombiniert man den Hildegard-Aderlass mit dem Schr\u00f6pfen, einer anderen weit verbreiteten Therapie zur Entgiftung des Organismus.<\/p>\n\n\n\n<h2>Anwendungsbereiche f\u00fcr Aderl\u00e4sse<\/h2>\n\n\n\n<p>Beide Therapieformen werden bei einer ganzen Reihe von Erkrankungen zur Therapie eingesetzt. Bei den sogenannten vollbl\u00fctigen oder plethorischen Patienten wendet man h\u00e4ufig den Volumen-Aderlass an. Typisch ist hier ein \u00fcbergewichtiger Patient, der unter Bluthochdruck leidet.<\/p>\n\n\n\n<p>Diverse Arten von Durchblutungsst\u00f6rungen oder Symptomen, die auf Herz-Kreislauf-Probleme hinweisen, werden mit dem Verfahren behandelt. Dazu geh\u00f6rt die \u00fcberm\u00e4\u00dfige Bildung roter Blutk\u00f6rperchen (Polyglobulie) mit steigendem H\u00e4matokrit. Die Hyperlipid\u00e4mie ist hier zu nennen, also die erh\u00f6hten Blutfette. Kopfschmerzen und im Kopf vorhandene Durchblutungsst\u00f6rungen sind ebenfalls durch einen Aderlass behandelbar sowie der Tinnitus.<\/p>\n\n\n\n<p>Auch eine Reihe anderer Beschwerden l\u00e4sst den Mediziner einen Aderlass in Erw\u00e4gung ziehen. Die Adipositas sei genannt, als Fettleibigkeit bekannt, und auch die Atemnot oder Kurzatmigkeit (Dyspnoe) geh\u00f6rt hierher, ebenso Stauungen im Lungenkreislauf, von einer Linksherzinsuffizienz verursacht. Sie f\u00fchren zu einer Atemnot, die unter der Bezeichnung Asthma cardiale bekannt ist.<\/p>\n\n\n\n<h2>Stoffwechsel- und Zivilisationskrankheiten<\/h2>\n\n\n\n<p>Schwindel, Nasenbluten, Rheuma, Gicht, Hautkrankheiten sind zu nennen, aber auch die H\u00e4mochromathose, n\u00e4mlich Ablagerungen von Eisen durch einen erh\u00f6hten Eisenanteil im Blut und der Diabetes mellitus als typische Zivilisationskrankheit. Mit Aderl\u00e4ssen kann zudem Schlaganf\u00e4llen und einem Herzinfarkt vorgebeugt werden, besonders wenn Risikofaktoren wie der Bluthochdruck oder Fettstoffwechselst\u00f6rungen festgestellt werden.<\/p>\n\n\n\n<p>Der Aderlass ist auch in Therapien zur Herz-Kreislauf-Behandlung eingebunden. Bereits im 18. Jahrhundert behandelte man die beginnende Herzinsuffizienz (\u201eaktive Aneurismen des Herzens\u201c) mit dem Zuraderlassen. Aktuell wendet man die hydraulikbasierten Therapiekonzepte weiterhin an. Mit einer Minderung des Blutvolumens senkt sich der Blutdruck, damit wird die Ausbildung der Herzinsuffizienz verhindert.<\/p>\n\n\n\n<p>Durch den bei der Therapie entstehenden Blutverlust gibt es Ausnahmen, bei denen die Behandlung nicht durchgef\u00fchrt werden darf. Bei einer Blutarmut (An\u00e4mie) oder einem allgemein geschw\u00e4chten Organismus ist von einem Aderlass abzusehen. Gleiches gilt bei der Herzenge (Angina pectoris), bei Dehydrierung, einem akuten Durchfall und einem fieberhaften Infekt.<\/p>\n","protected":false},"excerpt":{"rendered":"<p>Der Aderlass ist als medizinische Therapie seit Jahrhunderten bekannt. Allerdings wurde die Behandlung w\u00e4hrend des Mittelalters derma\u00dfen exzessiv angewendet, dass sie in Verruf kam. Viele naturheilkundliche Praxen besinnen sich aber wieder auf die Heilmethode und wenden sie zur Umstimmung des Patienten und zur Ausleitung bei einer Reihe von Krankheiten an. Im wesentlichen kennt man zwei [&hellip;]<\/p>\n","protected":false},"author":2,"featured_media":98,"parent":0,"menu_order":0,"comment_status":"closed","ping_status":"closed","template":"","meta":[],"yoast_head":"<!-- This site is optimized with the Yoast SEO plugin v19.4 - https:\/\/yoast.com\/wordpress\/plugins\/seo\/ -->\n<title>Der Aderlass und seine Anwendungsgebiete - Naturheilkunde<\/title>\n<meta name=\"robots\" content=\"index, follow, max-snippet:-1, max-image-preview:large, max-video-preview:-1\" \/>\n<link rel=\"canonical\" href=\"https:\/\/naturheilpraxis-potthoff.de\/?page_id=96\" \/>\n<meta property=\"og:locale\" content=\"de_DE\" \/>\n<meta property=\"og:type\" content=\"article\" \/>\n<meta property=\"og:title\" content=\"Der Aderlass und seine Anwendungsgebiete - Naturheilkunde\" \/>\n<meta property=\"og:description\" content=\"Der Aderlass ist als medizinische Therapie seit Jahrhunderten bekannt. Allerdings wurde die Behandlung w\u00e4hrend des Mittelalters derma\u00dfen exzessiv angewendet, dass sie in Verruf kam. Viele naturheilkundliche Praxen besinnen sich aber wieder auf die Heilmethode und wenden sie zur Umstimmung des Patienten und zur Ausleitung bei einer Reihe von Krankheiten an. Im wesentlichen kennt man zwei [&hellip;]\" \/>\n<meta property=\"og:url\" content=\"https:\/\/naturheilpraxis-potthoff.de\/?page_id=96\" \/>\n<meta property=\"og:site_name\" content=\"Naturheilkunde\" \/>\n<meta property=\"article:modified_time\" content=\"2020-07-29T19:41:58+00:00\" \/>\n<meta property=\"og:image\" content=\"https:\/\/naturheilpraxis-potthoff.de\/wp-content\/uploads\/2020\/07\/aderlass-1-scaled.jpg\" \/>\n\t<meta property=\"og:image:width\" content=\"2560\" \/>\n\t<meta property=\"og:image:height\" content=\"1707\" \/>\n\t<meta property=\"og:image:type\" content=\"image\/jpeg\" \/>\n<meta name=\"twitter:card\" content=\"summary_large_image\" \/>\n<meta name=\"twitter:label1\" content=\"Gesch\u00e4tzte Lesezeit\" \/>\n\t<meta name=\"twitter:data1\" content=\"5\u00a0Minuten\" \/>\n<script type=\"application\/ld+json\" class=\"yoast-schema-graph\">{\"@context\":\"https:\/\/schema.org\",\"@graph\":[{\"@type\":\"WebSite\",\"@id\":\"https:\/\/naturheilpraxis-potthoff.de\/#website\",\"url\":\"https:\/\/naturheilpraxis-potthoff.de\/\",\"name\":\"Naturheilkunde\",\"description\":\"Ihr digitaler Naturheilratgeber\",\"potentialAction\":[{\"@type\":\"SearchAction\",\"target\":{\"@type\":\"EntryPoint\",\"urlTemplate\":\"https:\/\/naturheilpraxis-potthoff.de\/?s={search_term_string}\"},\"query-input\":\"required name=search_term_string\"}],\"inLanguage\":\"de\"},{\"@type\":\"WebPage\",\"@id\":\"https:\/\/naturheilpraxis-potthoff.de\/?page_id=96\",\"url\":\"https:\/\/naturheilpraxis-potthoff.de\/?page_id=96\",\"name\":\"Der Aderlass und seine Anwendungsgebiete - Naturheilkunde\",\"isPartOf\":{\"@id\":\"https:\/\/naturheilpraxis-potthoff.de\/#website\"},\"datePublished\":\"2020-07-29T19:41:57+00:00\",\"dateModified\":\"2020-07-29T19:41:58+00:00\",\"breadcrumb\":{\"@id\":\"https:\/\/naturheilpraxis-potthoff.de\/?page_id=96#breadcrumb\"},\"inLanguage\":\"de\",\"potentialAction\":[{\"@type\":\"ReadAction\",\"target\":[\"https:\/\/naturheilpraxis-potthoff.de\/?page_id=96\"]}]},{\"@type\":\"BreadcrumbList\",\"@id\":\"https:\/\/naturheilpraxis-potthoff.de\/?page_id=96#breadcrumb\",\"itemListElement\":[{\"@type\":\"ListItem\",\"position\":1,\"name\":\"Startseite\",\"item\":\"https:\/\/naturheilpraxis-potthoff.de\/\"},{\"@type\":\"ListItem\",\"position\":2,\"name\":\"Der Aderlass und seine Anwendungsgebiete\"}]}]}<\/script>\n<!-- \/ Yoast SEO plugin. -->","yoast_head_json":{"title":"Der Aderlass und seine Anwendungsgebiete - Naturheilkunde","robots":{"index":"index","follow":"follow","max-snippet":"max-snippet:-1","max-image-preview":"max-image-preview:large","max-video-preview":"max-video-preview:-1"},"canonical":"https:\/\/naturheilpraxis-potthoff.de\/?page_id=96","og_locale":"de_DE","og_type":"article","og_title":"Der Aderlass und seine Anwendungsgebiete - Naturheilkunde","og_description":"Der Aderlass ist als medizinische Therapie seit Jahrhunderten bekannt. Allerdings wurde die Behandlung w\u00e4hrend des Mittelalters derma\u00dfen exzessiv angewendet, dass sie in Verruf kam. Viele naturheilkundliche Praxen besinnen sich aber wieder auf die Heilmethode und wenden sie zur Umstimmung des Patienten und zur Ausleitung bei einer Reihe von Krankheiten an. Im wesentlichen kennt man zwei [&hellip;]","og_url":"https:\/\/naturheilpraxis-potthoff.de\/?page_id=96","og_site_name":"Naturheilkunde","article_modified_time":"2020-07-29T19:41:58+00:00","og_image":[{"width":2560,"height":1707,"url":"https:\/\/naturheilpraxis-potthoff.de\/wp-content\/uploads\/2020\/07\/aderlass-1-scaled.jpg","type":"image\/jpeg"}],"twitter_card":"summary_large_image","twitter_misc":{"Gesch\u00e4tzte Lesezeit":"5\u00a0Minuten"},"schema":{"@context":"https:\/\/schema.org","@graph":[{"@type":"WebSite","@id":"https:\/\/naturheilpraxis-potthoff.de\/#website","url":"https:\/\/naturheilpraxis-potthoff.de\/","name":"Naturheilkunde","description":"Ihr digitaler Naturheilratgeber","potentialAction":[{"@type":"SearchAction","target":{"@type":"EntryPoint","urlTemplate":"https:\/\/naturheilpraxis-potthoff.de\/?s={search_term_string}"},"query-input":"required name=search_term_string"}],"inLanguage":"de"},{"@type":"WebPage","@id":"https:\/\/naturheilpraxis-potthoff.de\/?page_id=96","url":"https:\/\/naturheilpraxis-potthoff.de\/?page_id=96","name":"Der Aderlass und seine Anwendungsgebiete - Naturheilkunde","isPartOf":{"@id":"https:\/\/naturheilpraxis-potthoff.de\/#website"},"datePublished":"2020-07-29T19:41:57+00:00","dateModified":"2020-07-29T19:41:58+00:00","breadcrumb":{"@id":"https:\/\/naturheilpraxis-potthoff.de\/?page_id=96#breadcrumb"},"inLanguage":"de","potentialAction":[{"@type":"ReadAction","target":["https:\/\/naturheilpraxis-potthoff.de\/?page_id=96"]}]},{"@type":"BreadcrumbList","@id":"https:\/\/naturheilpraxis-potthoff.de\/?page_id=96#breadcrumb","itemListElement":[{"@type":"ListItem","position":1,"name":"Startseite","item":"https:\/\/naturheilpraxis-potthoff.de\/"},{"@type":"ListItem","position":2,"name":"Der Aderlass und seine Anwendungsgebiete"}]}]}},"_links":{"self":[{"href":"https:\/\/naturheilpraxis-potthoff.de\/index.php?rest_route=\/wp\/v2\/pages\/96"}],"collection":[{"href":"https:\/\/naturheilpraxis-potthoff.de\/index.php?rest_route=\/wp\/v2\/pages"}],"about":[{"href":"https:\/\/naturheilpraxis-potthoff.de\/index.php?rest_route=\/wp\/v2\/types\/page"}],"author":[{"embeddable":true,"href":"https:\/\/naturheilpraxis-potthoff.de\/index.php?rest_route=\/wp\/v2\/users\/2"}],"replies":[{"embeddable":true,"href":"https:\/\/naturheilpraxis-potthoff.de\/index.php?rest_route=%2Fwp%2Fv2%2Fcomments&post=96"}],"version-history":[{"count":1,"href":"https:\/\/naturheilpraxis-potthoff.de\/index.php?rest_route=\/wp\/v2\/pages\/96\/revisions"}],"predecessor-version":[{"id":99,"href":"https:\/\/naturheilpraxis-potthoff.de\/index.php?rest_route=\/wp\/v2\/pages\/96\/revisions\/99"}],"wp:featuredmedia":[{"embeddable":true,"href":"https:\/\/naturheilpraxis-potthoff.de\/index.php?rest_route=\/wp\/v2\/media\/98"}],"wp:attachment":[{"href":"https:\/\/naturheilpraxis-potthoff.de\/index.php?rest_route=%2Fwp%2Fv2%2Fmedia&parent=96"}],"curies":[{"name":"wp","href":"https:\/\/api.w.org\/{rel}","templated":true}]}}