{"id":47,"date":"2020-07-29T10:08:55","date_gmt":"2020-07-29T10:08:55","guid":{"rendered":"https:\/\/naturheilpraxis-potthoff.de\/?p=47"},"modified":"2020-07-29T17:43:44","modified_gmt":"2020-07-29T17:43:44","slug":"neuraltherapie","status":"publish","type":"page","link":"https:\/\/naturheilpraxis-potthoff.de\/?page_id=47","title":{"rendered":"Neuraltherapie"},"content":{"rendered":"\n<p>Die Neuraltherapie ist im Grunde eine punktuell vorgenommene An\u00e4sthesie-Behandlung. Die Schulmedizin erkennt ihre Wirkung nicht als hinreichend an. Daher wird die Injektionsbehandlung mit lokal bet\u00e4ubenden Injektionsmitteln nur im Rahmen einer Behandlung bei ausgebildeten Heilpraktikern durchgef\u00fchrt. Als Entwickler dieser Therapieform, die schon seit den 1920er Jahren bekannt ist, gelten die Br\u00fcder Ferdinand und Walter Huneke.<\/p>\n\n\n\n<h2>Was kennzeichnet diese Therapieform?<\/h2>\n\n\n\n<p>Zwei verschiedene Therapiezweige haben sich neben der Infusions-Neuraltherapie &#8211; auch als &#8220;Reset-Therapie&#8221; bekannt &#8211; herausgebildet: Die Segmenttherapie und die St\u00f6rfeldtherapie.<\/p>\n\n\n\n<p>Die Segmenttherapie setzt direkt am Schmerzort bzw. im Bereich der vorliegenden Beschwerden an. Die St\u00f6rfeldtherapie geht davon aus, dass St\u00f6rfelder selbst vollkommen schmerzfrei und unauff\u00e4llig bleiben k\u00f6nnen. Sie k\u00f6nnen aber an anderer Stelle Beschwerden verursachen. Das kann zum Beispiel bei Verwachsungen oder Nervenreizungen durch eine Narbe der Fall sein.<\/p>\n\n\n\n<p>Bei beiden Zweigen dieser komplement\u00e4ren Behandlungsform werden durch unter der Haut (intradermal) platzierte Injektionen mit lokal bet\u00e4ubenden Injektionsl\u00f6sungen wie Procain oder Lidocain Quaddeln gesetzt. Es geht dabei aber nicht um eine bet\u00e4ubende Wirkung, sondern um einen stimulierenden Effekt. Der Organismus soll durch diesen Reiz einen Ansto\u00df bekommen, zur Heilung beizutragen.<\/p>\n\n\n\n<h2>Die Entwicklung der neuraltherapeutischen Ans\u00e4tze<\/h2>\n\n\n\n<p>Ferdinand und Walter Huneke waren \u00c4rzte. Die Grundlagen der Infusions-Neuraltherapie entstanden, als sie in den Zwanzigerjahren des vergangenen Jahrhunderts ihrer Schwester helfen wollten. Diese litt schon seit Jahren an starken Migr\u00e4nebeschwerden. Trotz aller Behandlungsversuche ergab sich keine Schmerzlinderung.<\/p>\n\n\n\n<p>1925 injizierte Ferdinand Huneke &#8211; vermutlich irrt\u00fcmlich &#8211; ein Therapeutikum, das Procain enthielt, \u00fcber eine Vene. An sich wollte er eine Procain-freie Injektionsl\u00f6sung nutzen. Die Migr\u00e4nebeschwerden verschwanden binnen kurzer Zeit. Noch erstaunlicher war, dass sie \u00fcber l\u00e4ngere Zeit nicht mehr auftraten. Dieses Ereignis lie\u00df die Br\u00fcder aufmerken. Sie behandelten in der Folge weitere Patienten mit Procain.<\/p>\n\n\n\n<p>Um weitere Erkenntnisse \u00fcber dieses Ph\u00e4nomen zu erhalten, verabreichten sie die Injektionen mal intraven\u00f6s, mal intramuskul\u00e4r oder intradermal. So entstanden nach und nach die Konzepte f\u00fcr die Segmenttherapie. Etwas sp\u00e4ter entstanden die St\u00f6rfeldtherapie oder die Ganglien-Blockade. Es erwies sich n\u00e4mlich, dass die Segmenttherapie nicht bei allen Behandlungsversuchen erfolgreich war. Daraufhin entwickelten die Br\u00fcder die Theorie von den St\u00f6rfeldern.<\/p>\n\n\n\n<p>Den Hunekes zufolge handelt es sich dabei um latente oder akute chronische Entz\u00fcndungszust\u00e4nde. Diese sollten ihrer Theorie zufolge den Organismus auf energetischer Ebene schw\u00e4chen. Das sollte an anderer Stelle Symptome ausl\u00f6sen. Obwohl die Schulmedizin dieses Konzept anzweifelte, ist heute erwiesen, dass latente Entz\u00fcndungsprozesse &#8211; beispielsweise durch viszerales Bauchfett &#8211; bei der Entstehung von Erkrankungen eine Rolle spielen.<\/p>\n\n\n\n<h2>Die neuraltherapeutischen Behandlungsformen<\/h2>\n\n\n\n<p>Neben der Infusions-Neuraltherapie sind heutzutage die Segmenttherapie und die St\u00f6rfeld-Therapie als neuraltherapeutische Behandlungsformen etabliert. Die Ganglien-Blockade ist eine Form der St\u00f6rfeldtherapie.<\/p>\n\n\n\n<p>Die Grundannahme der <strong>Reset- oder Infusions-Neuraltherapie<\/strong> ist, dass als Begleiterscheinung von Schmerzen h\u00e4ufig Verkrampfungszust\u00e4nde in Muskelstr\u00e4ngen oder Gef\u00e4\u00dfw\u00e4nden auftreten. Diese erschweren die Blut-, Sauerstoff- oder N\u00e4hrstoff-Versorgung. Sie k\u00f6nnen au\u00dferdem die Ausleitung von Stoffwechselendprodukten im betroffenen Areal behindern. Selbst die Reiz\u00fcbertragung soll nur eingeschr\u00e4nkt funktionieren.<\/p>\n\n\n\n<p>All diese St\u00f6rungen ziehen Regulationsst\u00f6rungen nach sich. Diese betreffen nicht nur die lokalisierbaren Schmerzgebiete, sondern auch andere Areale im Organismus. Wenn nun ein Lokalan\u00e4sthetikums injiziert wird, bewirkt das eine kurzzeitige Unterbrechung von nervlichen Impulsen, die mit der Informationsweiterleitung befasst sind. Das betroffene Areal kann daher einen &#8220;Reset&#8221; vornehmen. Wenn nach dem Zur\u00fccksetzen alles wieder regul\u00e4r funktioniert, sollen die Symptome gelindert und Schmerzen ausgeschaltet werden.<\/p>\n\n\n\n<p>Im Rahmen der <strong>St\u00f6rfeldtherapie<\/strong> werden vermutete St\u00f6rfelder behandelt &#8211; etwa OP-Narben, Entz\u00fcndungsherde oder wurzelbehandelte Z\u00e4hne. Solche lokalen St\u00f6rfelder k\u00f6nnen der Theorie nach Beschwerden durchaus an anderen Stellen im Organismus ausl\u00f6sen. Sie schw\u00e4chen den Organismus. Die Quaddeln durch das injizierte Bet\u00e4ubungsmitte sollen das St\u00f6rfeld ausschalten k\u00f6nnen. Der Effekt soll aber nicht nur lokal, sondern systemisch erfolgen. Er soll auch die Fernwirkungen von St\u00f6rfeldern beseitigen.<\/p>\n\n\n\n<p>Mittlerweile ist es allgemeine Ansicht, dass St\u00f6rfelder tats\u00e4chlich verschiedene Erkrankungen oder Schmerzen ausl\u00f6sen k\u00f6nnen. Die Quaddel rund um die unterspritzte Narbe verschwindet nach etwa 20 Minuten. Die Langzeitwirkungen durch angesto\u00dfene Reparaturen und Regulationen im Organismus h\u00e4lt aber l\u00e4ngere Zeit an.<\/p>\n\n\n\n<p>Die <strong>Segmenttherapie<\/strong> erm\u00f6glicht es, \u00fcber zuvor ermittelte Reflexzonen ein erkranktes Organ zu behandeln. Dabei wird eine subkutane Injektion in die Fettschichten der Haut vorgenommen. Alternativ kann die Injektion intrakutan erfolgen. In diesem Fall werden die Quaddeln nur in die oberfl\u00e4chlichen Hautschichten gesetzt.<\/p>\n\n\n\n<p>Manchmal setzt der Heilpraktiker oder Neuraltherapeut seine Injektionen intramuskul\u00e4r rund um sogenannte Triggerpunkte. Dabei kann es sich um schmerzhafte Stellen oder um lokale Muskelverh\u00e4rtungen handeln. Die Quaddeln erinnern an Insektenstiche oder Urtikaria-Quaddeln.<\/p>\n\n\n\n<h2>Anwendung und Einsatzgebiete der Neuraltherapie<\/h2>\n\n\n\n<p>Heilpraktiker und Neuraltherapeuten setzen bei verschiedenen Regulations- und Funktionsst\u00f6rungen neben anderen Behandlungsmethoden oft die Neuraltherapie ein. Zu den h\u00e4ufigsten Einsatzgebieten f\u00fcr neuraltherapeutische Ma\u00dfnahmen geh\u00f6ren beispielsweise<\/p>\n\n\n\n<ul><li>Nervenschmerzen<\/li><li>Schmerzen rund um frische oder alte Narben<\/li><li>Schmerzen nach G\u00fcrtelrosen<\/li><li>unerkl\u00e4rliche Schmerzzust\u00e4nde<\/li><li>degenerativ-schmerzhafte Gelenkerkrankungen<\/li><li>Kopfschmerzen und Migr\u00e4neschmerzen<\/li><li>chronische Entz\u00fcndungen an wichtigen Organen<\/li><li>oder Ersch\u00f6pfungszust\u00e4nde.<\/li><\/ul>\n\n\n\n<p>Die Injektionen werden je nach St\u00f6rungsbild mit Procain, Lidocain, Mepivacain oder Prilocain vorgenommen.<\/p>\n","protected":false},"excerpt":{"rendered":"<p>Die Neuraltherapie ist im Grunde eine punktuell vorgenommene An\u00e4sthesie-Behandlung. Die Schulmedizin erkennt ihre Wirkung nicht als hinreichend an. Daher wird die Injektionsbehandlung mit lokal bet\u00e4ubenden Injektionsmitteln nur im Rahmen einer Behandlung bei ausgebildeten Heilpraktikern durchgef\u00fchrt. Als Entwickler dieser Therapieform, die schon seit den 1920er Jahren bekannt ist, gelten die Br\u00fcder Ferdinand und Walter Huneke. Was [&hellip;]<\/p>\n","protected":false},"author":2,"featured_media":64,"parent":0,"menu_order":0,"comment_status":"closed","ping_status":"closed","template":"","meta":[],"yoast_head":"<!-- This site is optimized with the Yoast SEO plugin v19.4 - https:\/\/yoast.com\/wordpress\/plugins\/seo\/ -->\n<title>Neuraltherapie - Naturheilkunde<\/title>\n<meta name=\"robots\" content=\"index, follow, max-snippet:-1, max-image-preview:large, max-video-preview:-1\" \/>\n<link rel=\"canonical\" href=\"https:\/\/naturheilpraxis-potthoff.de\/?page_id=47\" \/>\n<meta property=\"og:locale\" content=\"de_DE\" \/>\n<meta property=\"og:type\" content=\"article\" \/>\n<meta property=\"og:title\" content=\"Neuraltherapie - Naturheilkunde\" \/>\n<meta property=\"og:description\" content=\"Die Neuraltherapie ist im Grunde eine punktuell vorgenommene An\u00e4sthesie-Behandlung. Die Schulmedizin erkennt ihre Wirkung nicht als hinreichend an. Daher wird die Injektionsbehandlung mit lokal bet\u00e4ubenden Injektionsmitteln nur im Rahmen einer Behandlung bei ausgebildeten Heilpraktikern durchgef\u00fchrt. Als Entwickler dieser Therapieform, die schon seit den 1920er Jahren bekannt ist, gelten die Br\u00fcder Ferdinand und Walter Huneke. Was [&hellip;]\" \/>\n<meta property=\"og:url\" content=\"https:\/\/naturheilpraxis-potthoff.de\/?page_id=47\" \/>\n<meta property=\"og:site_name\" content=\"Naturheilkunde\" \/>\n<meta property=\"article:modified_time\" content=\"2020-07-29T17:43:44+00:00\" \/>\n<meta property=\"og:image\" content=\"https:\/\/naturheilpraxis-potthoff.de\/wp-content\/uploads\/2020\/07\/neuraltherapie-scaled.jpg\" \/>\n\t<meta property=\"og:image:width\" content=\"2560\" \/>\n\t<meta property=\"og:image:height\" content=\"1915\" \/>\n\t<meta property=\"og:image:type\" content=\"image\/jpeg\" \/>\n<meta name=\"twitter:card\" content=\"summary_large_image\" \/>\n<meta name=\"twitter:label1\" content=\"Gesch\u00e4tzte Lesezeit\" \/>\n\t<meta name=\"twitter:data1\" content=\"4\u00a0Minuten\" \/>\n<script type=\"application\/ld+json\" class=\"yoast-schema-graph\">{\"@context\":\"https:\/\/schema.org\",\"@graph\":[{\"@type\":\"WebSite\",\"@id\":\"https:\/\/naturheilpraxis-potthoff.de\/#website\",\"url\":\"https:\/\/naturheilpraxis-potthoff.de\/\",\"name\":\"Naturheilkunde\",\"description\":\"Ihr digitaler Naturheilratgeber\",\"potentialAction\":[{\"@type\":\"SearchAction\",\"target\":{\"@type\":\"EntryPoint\",\"urlTemplate\":\"https:\/\/naturheilpraxis-potthoff.de\/?s={search_term_string}\"},\"query-input\":\"required name=search_term_string\"}],\"inLanguage\":\"de\"},{\"@type\":\"WebPage\",\"@id\":\"https:\/\/naturheilpraxis-potthoff.de\/?page_id=47\",\"url\":\"https:\/\/naturheilpraxis-potthoff.de\/?page_id=47\",\"name\":\"Neuraltherapie - Naturheilkunde\",\"isPartOf\":{\"@id\":\"https:\/\/naturheilpraxis-potthoff.de\/#website\"},\"datePublished\":\"2020-07-29T10:08:55+00:00\",\"dateModified\":\"2020-07-29T17:43:44+00:00\",\"breadcrumb\":{\"@id\":\"https:\/\/naturheilpraxis-potthoff.de\/?page_id=47#breadcrumb\"},\"inLanguage\":\"de\",\"potentialAction\":[{\"@type\":\"ReadAction\",\"target\":[\"https:\/\/naturheilpraxis-potthoff.de\/?page_id=47\"]}]},{\"@type\":\"BreadcrumbList\",\"@id\":\"https:\/\/naturheilpraxis-potthoff.de\/?page_id=47#breadcrumb\",\"itemListElement\":[{\"@type\":\"ListItem\",\"position\":1,\"name\":\"Startseite\",\"item\":\"https:\/\/naturheilpraxis-potthoff.de\/\"},{\"@type\":\"ListItem\",\"position\":2,\"name\":\"Neuraltherapie\"}]}]}<\/script>\n<!-- \/ Yoast SEO plugin. -->","yoast_head_json":{"title":"Neuraltherapie - Naturheilkunde","robots":{"index":"index","follow":"follow","max-snippet":"max-snippet:-1","max-image-preview":"max-image-preview:large","max-video-preview":"max-video-preview:-1"},"canonical":"https:\/\/naturheilpraxis-potthoff.de\/?page_id=47","og_locale":"de_DE","og_type":"article","og_title":"Neuraltherapie - Naturheilkunde","og_description":"Die Neuraltherapie ist im Grunde eine punktuell vorgenommene An\u00e4sthesie-Behandlung. Die Schulmedizin erkennt ihre Wirkung nicht als hinreichend an. Daher wird die Injektionsbehandlung mit lokal bet\u00e4ubenden Injektionsmitteln nur im Rahmen einer Behandlung bei ausgebildeten Heilpraktikern durchgef\u00fchrt. Als Entwickler dieser Therapieform, die schon seit den 1920er Jahren bekannt ist, gelten die Br\u00fcder Ferdinand und Walter Huneke. Was [&hellip;]","og_url":"https:\/\/naturheilpraxis-potthoff.de\/?page_id=47","og_site_name":"Naturheilkunde","article_modified_time":"2020-07-29T17:43:44+00:00","og_image":[{"width":2560,"height":1915,"url":"https:\/\/naturheilpraxis-potthoff.de\/wp-content\/uploads\/2020\/07\/neuraltherapie-scaled.jpg","type":"image\/jpeg"}],"twitter_card":"summary_large_image","twitter_misc":{"Gesch\u00e4tzte Lesezeit":"4\u00a0Minuten"},"schema":{"@context":"https:\/\/schema.org","@graph":[{"@type":"WebSite","@id":"https:\/\/naturheilpraxis-potthoff.de\/#website","url":"https:\/\/naturheilpraxis-potthoff.de\/","name":"Naturheilkunde","description":"Ihr digitaler Naturheilratgeber","potentialAction":[{"@type":"SearchAction","target":{"@type":"EntryPoint","urlTemplate":"https:\/\/naturheilpraxis-potthoff.de\/?s={search_term_string}"},"query-input":"required name=search_term_string"}],"inLanguage":"de"},{"@type":"WebPage","@id":"https:\/\/naturheilpraxis-potthoff.de\/?page_id=47","url":"https:\/\/naturheilpraxis-potthoff.de\/?page_id=47","name":"Neuraltherapie - Naturheilkunde","isPartOf":{"@id":"https:\/\/naturheilpraxis-potthoff.de\/#website"},"datePublished":"2020-07-29T10:08:55+00:00","dateModified":"2020-07-29T17:43:44+00:00","breadcrumb":{"@id":"https:\/\/naturheilpraxis-potthoff.de\/?page_id=47#breadcrumb"},"inLanguage":"de","potentialAction":[{"@type":"ReadAction","target":["https:\/\/naturheilpraxis-potthoff.de\/?page_id=47"]}]},{"@type":"BreadcrumbList","@id":"https:\/\/naturheilpraxis-potthoff.de\/?page_id=47#breadcrumb","itemListElement":[{"@type":"ListItem","position":1,"name":"Startseite","item":"https:\/\/naturheilpraxis-potthoff.de\/"},{"@type":"ListItem","position":2,"name":"Neuraltherapie"}]}]}},"_links":{"self":[{"href":"https:\/\/naturheilpraxis-potthoff.de\/index.php?rest_route=\/wp\/v2\/pages\/47"}],"collection":[{"href":"https:\/\/naturheilpraxis-potthoff.de\/index.php?rest_route=\/wp\/v2\/pages"}],"about":[{"href":"https:\/\/naturheilpraxis-potthoff.de\/index.php?rest_route=\/wp\/v2\/types\/page"}],"author":[{"embeddable":true,"href":"https:\/\/naturheilpraxis-potthoff.de\/index.php?rest_route=\/wp\/v2\/users\/2"}],"replies":[{"embeddable":true,"href":"https:\/\/naturheilpraxis-potthoff.de\/index.php?rest_route=%2Fwp%2Fv2%2Fcomments&post=47"}],"version-history":[{"count":1,"href":"https:\/\/naturheilpraxis-potthoff.de\/index.php?rest_route=\/wp\/v2\/pages\/47\/revisions"}],"predecessor-version":[{"id":48,"href":"https:\/\/naturheilpraxis-potthoff.de\/index.php?rest_route=\/wp\/v2\/pages\/47\/revisions\/48"}],"wp:featuredmedia":[{"embeddable":true,"href":"https:\/\/naturheilpraxis-potthoff.de\/index.php?rest_route=\/wp\/v2\/media\/64"}],"wp:attachment":[{"href":"https:\/\/naturheilpraxis-potthoff.de\/index.php?rest_route=%2Fwp%2Fv2%2Fmedia&parent=47"}],"curies":[{"name":"wp","href":"https:\/\/api.w.org\/{rel}","templated":true}]}}