{"id":35,"date":"2020-07-29T09:20:31","date_gmt":"2020-07-29T09:20:31","guid":{"rendered":"https:\/\/naturheilpraxis-potthoff.de\/?p=35"},"modified":"2020-07-29T17:43:44","modified_gmt":"2020-07-29T17:43:44","slug":"orthomolekulare-medizin","status":"publish","type":"page","link":"https:\/\/naturheilpraxis-potthoff.de\/?page_id=35","title":{"rendered":"Orthomolekulare Medizin"},"content":{"rendered":"\n<p>Wenn jemand von sich aus Vitamine und Mineralstoffe als Nahrungserg\u00e4nzung einnimmt, ist das oft nicht sinnvoll. Es geschieht nicht gezielt genug. Die Orthomolekular-Medizin ist mehr als das. Sie liegt im Mittelfeld zwischen den Erkenntnissen und Behandlungsmethoden der Ern\u00e4hrungswissenschaft und den medizinischen Medikamenten und Therapie-Konzepten.<\/p>\n\n\n\n<h2>Was ist orthomolekulare Medizin?<\/h2>\n\n\n\n<p>Als Initiator und &#8220;Inspirator&#8221; f\u00fcr die Orthomolekular-Medizin gilt der amerikanische Biochemiker Linus Carl Pauling (1901-1994). Pauling erhielt 1954 den Chemie-Nobelpreis, 1963 den Friedensnobelpreis. 1968 entwickelte der zweifache Nobelpreistr\u00e4ger die Idee einer orthomolekularen Medizin.<\/p>\n\n\n\n<p>Pauling ging es dabei um den Gesunderhalt und die Therapie von Erkrankungen mittels gezielt zusammengestellter N\u00e4hrstoffe. Diese sollten dem Organismus mangelnde und in zu geringen Mengen vorhandene N\u00e4hrstoffe zuf\u00fchren. Zum anderen sollten orthomolekular behandelnde Mediziner den N\u00e4hrstoffstatus ihrer Patienten aus einem eigenen Blickwinkel betrachten.<\/p>\n\n\n\n<p>Pauling zufolge wurden und werden viele offizielle Referenzwerte f\u00fcr die N\u00e4hrstoffzufuhr nicht individuell oder bedarfsgerecht berechnet. Sie sind au\u00dferdem nicht auf bestimmte Erkrankungssituationen zu beziehen. Da Menschen aber Individuen sind, ist ihr N\u00e4hrstoffbedarf in bestimmten Lebensabschnitten oder bei bestimmten Erkrankungen ebenso individuell. Somit ist die Orthomolekular-Medizin sowohl pr\u00e4ventiv, als auch kurativ zu verstehen.<\/p>\n\n\n\n<p>Zu den Grundannahmen dieser medizinischen Richtung geh\u00f6rt, dass die Menge, Qualit\u00e4t und Zusammenstellung der ben\u00f6tigten N\u00e4hrstoffe meistens nicht stimmig ist. Es ist f\u00fcr einen medizinischen Laien praktisch unm\u00f6glich, den individuellen N\u00e4hrstoffbedarf zu erkennen und komplett abzudecken. Manche N\u00e4hrstoffe werden im \u00dcberma\u00df zugef\u00fchrt, andere in zu geringen Mengen. Manche haben keine gute Bioverf\u00fcgbarkeit, andere aber schon. Im Fall einer Erkrankung ist der erh\u00f6hte N\u00e4hrstoffverbrauch f\u00fcr Laien ebenso wenig erkennbar, wie der N\u00e4hrstoffbedarf, der zur Heilung beitragen kann.<\/p>\n\n\n\n<h2>Welche N\u00e4hrstoffe verwendet die orthomolekulare Medizin?<\/h2>\n\n\n\n<p>Es handelt sich dabei um Makro- und Mikron\u00e4hrstoffe. Zu den ersteren geh\u00f6ren die Proteine, die Kohlenhydrate und die Nahrungsfette. Ohne die Unterst\u00fctzung von Mikron\u00e4hrstoffen k\u00f6nnen solche Makron\u00e4hrstoffe aber nicht verwertet werden.<\/p>\n\n\n\n<p>Mikron\u00e4hrstoffe sind die Vitamine A, B, C, D, E und K, Mineralstoffe wie Kalzium oder Magnesium, sowie Spurenelemente wie Zink, Eisen oder Selen. Au\u00dferdem reihen sich hier auch die sekund\u00e4ren Pflanzenstoffe &#8211; beispielsweise die Carotinoide oder Flavonoide &#8211; die essenziellen Fetts\u00e4uren &#8211; zum Beispiel Omega-Fetts\u00e4uren &#8211; und die in Proteinen enthaltenen Aminos\u00e4uren ein. Letztere sind jedem als wichtigste &#8220;Bausteine des Lebens&#8221; bekannt. Auch Enzyme sind in diesem Sinne Mikron\u00e4hrstoffe.<\/p>\n\n\n\n<p>Mikron\u00e4hrstoffe liefern keine Kalorien. Sie haben antioxidative Funktionen, initiieren Enzymreaktionen oder dienen der Herstellung von Makromolek\u00fclen. Obwohl Mikron\u00e4hrstoffe nur in geringen Mengen notwendig sind, ist ein \u00dcberleben bei anhaltendem Mangel eines oder mehrere Mikron\u00e4hrstoffe nicht m\u00f6glich. Liegen Mikron\u00e4hrstoffe mit der notwendigen Bioverf\u00fcgbarkeit und nicht im korrekten Verh\u00e4ltnis zueinander vor, kommt es zu N\u00e4hrstoffdefiziten und Erkrankungen.<\/p>\n\n\n\n<h2>Wie entstehen Defizite im N\u00e4hrstoffhaushalt?<\/h2>\n\n\n\n<p>N\u00e4hrstoffdefizite k\u00f6nnen auf verschiedene Weise entstehen. Sie werden<\/p>\n\n\n\n<ul><li>durch den bevorzugten Verzehr stark verarbeiteter Nahrungsmittel<\/li><li>durch schlechter Bioverf\u00fcgbarkeit<\/li><li>durch Resorptionsst\u00f6rungen im Darm<\/li><li>durch Ungleichgewichten von N\u00e4hrstoffen in der Nahrung<\/li><li>bei erh\u00f6htem N\u00e4hrstoff-Verbrauch, der nicht ausgeglichen wird<\/li><li>durch falsche Lagerung und Zubereitung von Lebensmitteln<\/li><li>durch anhaltenden Alkohol- oder Medikamenten-Missbrauch<\/li><li>durch \u00fcberh\u00f6hte Koffeinzufuhr<\/li><li>bei Mehrverbrauch durch diverse Erkrankungen<\/li><li>bei Stress<\/li><li>oder durch Leistungssport<\/li><\/ul>\n\n\n\n<p>beg\u00fcnstigt.<\/p>\n\n\n\n<h2>Wie sich N\u00e4hrstoffm\u00e4ngel auswirken<\/h2>\n\n\n\n<p>Durch einen dauerhaften N\u00e4hrstoffmangel entstehen biochemische Dysbalancen. Meist weisen nur unspezifische Symptome auf solche Ungleichgewichte hin. Die Symptome betreffen den Stoffwechsel, das Zellwachstum oder das Immunsystem. Typische Hinweise auf N\u00e4hrstoffdefizite k\u00f6nnen M\u00fcdigkeit und Energiemangel oder vermehrte Infektanf\u00e4lligkeit sein. N\u00e4hrstoffm\u00e4ngel bleiben h\u00e4ufig lange unentdeckt. Ihre Anzeiger werden meist auf andere Ursachen geschoben.<\/p>\n\n\n\n<h2>Wie arbeitet die Orthomolekular-Medizin?<\/h2>\n\n\n\n<p>N\u00e4hrstoffdefizite bed\u00fcrfen einer sorgf\u00e4ltigen Diagnostik. Zun\u00e4chst m\u00fcssen Blut- und Blutserum-Untersuchungen sowie eine Urin-Untersuchung vorgenommen werden. Durch einige Messverfahren kann ein Zusammenhang zwischen bestimmten Erkrankungen und einem Mangel an Spurenelementen aufgedeckt werden. Problematisch ist, dass diese Testmethoden fehleranf\u00e4llig sind. Testergebnisse k\u00f6nnen durch bestimmte Medikamente und andere St\u00f6rfaktoren verf\u00e4lscht werden.<\/p>\n\n\n\n<p>Die Zufuhr orthomolekularer Stoffe kann oral in fl\u00fcssiger, Tabletten- oder Kapselform erfolgen. Effektiver sind Infusionen oder Injektionen mit N\u00e4hrstoffl\u00f6sungen. Diese umgehen die Resorptionsbarriere im Darm. Im Blut ist daher eine h\u00f6here N\u00e4hrstoffdichte anzutreffen. Die Infusions- oder Injektions-Behandlung obliegt einem ausgebildeten Orthomolekular-Mediziner oder einem Heilpraktiker.<\/p>\n\n\n\n<p>Diese Vorsichtsma\u00dfnahme wird durch die teilweise sehr hohen N\u00e4hrstoffdosen notwendig. Die hohe Wirkstoffdichte soll einen schneller eintretenden therapeutischen Nutzen bewirken. Die Dosis wird individuell bemessen. Moderne orthomolekulare Nahrungserg\u00e4nzungs-Mitteln mit sinnvollen N\u00e4hrstoffkombinationen sind au\u00dferdem erh\u00e4ltlich. Dadurch wird eine Selbstbehandlung erm\u00f6glicht.<\/p>\n\n\n\n<h2>Einsatzgebiete der Orthomolekular-Medizin<\/h2>\n\n\n\n<p>Die orthomolekulare Medizin kommt sowohl pr\u00e4ventiv als kurativ zum Einsatz. Sie kann unterst\u00fctzend und begleitend bei chronischen sowie bei akuten Krankheitsbildern genutzt werden. Am h\u00e4ufigsten findet die Orthomolekular-Medizin Anwendung bei<\/p>\n\n\n\n<ul><li>allgemeinen bzw. ern\u00e4hrungsbedingten N\u00e4hrstoffdefiziten<\/li><li>einem altersbedingt h\u00f6heren N\u00e4hrstoffbedarf<\/li><li>einem schwangerschaftsbedingt h\u00f6heren N\u00e4hrstoffbedarf<\/li><li>einem krankheitsbedingt h\u00f6heren N\u00e4hrstoffbedarf (Diabetes, Stoffwechselprobleme, Darmerkrankungen, Herz-Kreislauf-Erkrankungen)<\/li><li>Infektionserkrankungen mit h\u00f6heren N\u00e4hrstoffbedarf<\/li><li>der Ausleitung von Schwermetallbelastungen (Amalgam)<\/li><li>immunologischen Defiziten und Immunschw\u00e4chen<\/li><li>Erkrankungen des Verdauungssystems<\/li><li>sowie Rheuma oder Arteriosklerose.<\/li><\/ul>\n","protected":false},"excerpt":{"rendered":"<p>Wenn jemand von sich aus Vitamine und Mineralstoffe als Nahrungserg\u00e4nzung einnimmt, ist das oft nicht sinnvoll. Es geschieht nicht gezielt genug. Die Orthomolekular-Medizin ist mehr als das. Sie liegt im Mittelfeld zwischen den Erkenntnissen und Behandlungsmethoden der Ern\u00e4hrungswissenschaft und den medizinischen Medikamenten und Therapie-Konzepten. Was ist orthomolekulare Medizin? Als Initiator und &#8220;Inspirator&#8221; f\u00fcr die Orthomolekular-Medizin [&hellip;]<\/p>\n","protected":false},"author":2,"featured_media":65,"parent":0,"menu_order":0,"comment_status":"closed","ping_status":"closed","template":"","meta":[],"yoast_head":"<!-- This site is optimized with the Yoast SEO plugin v19.4 - https:\/\/yoast.com\/wordpress\/plugins\/seo\/ -->\n<title>Orthomolekulare Medizin - Naturheilkunde<\/title>\n<meta name=\"robots\" content=\"index, follow, max-snippet:-1, max-image-preview:large, max-video-preview:-1\" \/>\n<link rel=\"canonical\" href=\"https:\/\/naturheilpraxis-potthoff.de\/?page_id=35\" \/>\n<meta property=\"og:locale\" content=\"de_DE\" \/>\n<meta property=\"og:type\" content=\"article\" \/>\n<meta property=\"og:title\" content=\"Orthomolekulare Medizin - Naturheilkunde\" \/>\n<meta property=\"og:description\" content=\"Wenn jemand von sich aus Vitamine und Mineralstoffe als Nahrungserg\u00e4nzung einnimmt, ist das oft nicht sinnvoll. Es geschieht nicht gezielt genug. Die Orthomolekular-Medizin ist mehr als das. Sie liegt im Mittelfeld zwischen den Erkenntnissen und Behandlungsmethoden der Ern\u00e4hrungswissenschaft und den medizinischen Medikamenten und Therapie-Konzepten. Was ist orthomolekulare Medizin? Als Initiator und &#8220;Inspirator&#8221; f\u00fcr die Orthomolekular-Medizin [&hellip;]\" \/>\n<meta property=\"og:url\" content=\"https:\/\/naturheilpraxis-potthoff.de\/?page_id=35\" \/>\n<meta property=\"og:site_name\" content=\"Naturheilkunde\" \/>\n<meta property=\"article:modified_time\" content=\"2020-07-29T17:43:44+00:00\" \/>\n<meta property=\"og:image\" content=\"https:\/\/naturheilpraxis-potthoff.de\/wp-content\/uploads\/2020\/07\/orthomolekulare-medizin-scaled.jpg\" \/>\n\t<meta property=\"og:image:width\" content=\"2560\" \/>\n\t<meta property=\"og:image:height\" content=\"1707\" \/>\n\t<meta property=\"og:image:type\" content=\"image\/jpeg\" \/>\n<meta name=\"twitter:card\" content=\"summary_large_image\" \/>\n<meta name=\"twitter:label1\" content=\"Gesch\u00e4tzte Lesezeit\" \/>\n\t<meta name=\"twitter:data1\" content=\"4\u00a0Minuten\" \/>\n<script type=\"application\/ld+json\" class=\"yoast-schema-graph\">{\"@context\":\"https:\/\/schema.org\",\"@graph\":[{\"@type\":\"WebSite\",\"@id\":\"https:\/\/naturheilpraxis-potthoff.de\/#website\",\"url\":\"https:\/\/naturheilpraxis-potthoff.de\/\",\"name\":\"Naturheilkunde\",\"description\":\"Ihr digitaler Naturheilratgeber\",\"potentialAction\":[{\"@type\":\"SearchAction\",\"target\":{\"@type\":\"EntryPoint\",\"urlTemplate\":\"https:\/\/naturheilpraxis-potthoff.de\/?s={search_term_string}\"},\"query-input\":\"required name=search_term_string\"}],\"inLanguage\":\"de\"},{\"@type\":\"WebPage\",\"@id\":\"https:\/\/naturheilpraxis-potthoff.de\/?page_id=35\",\"url\":\"https:\/\/naturheilpraxis-potthoff.de\/?page_id=35\",\"name\":\"Orthomolekulare Medizin - Naturheilkunde\",\"isPartOf\":{\"@id\":\"https:\/\/naturheilpraxis-potthoff.de\/#website\"},\"datePublished\":\"2020-07-29T09:20:31+00:00\",\"dateModified\":\"2020-07-29T17:43:44+00:00\",\"breadcrumb\":{\"@id\":\"https:\/\/naturheilpraxis-potthoff.de\/?page_id=35#breadcrumb\"},\"inLanguage\":\"de\",\"potentialAction\":[{\"@type\":\"ReadAction\",\"target\":[\"https:\/\/naturheilpraxis-potthoff.de\/?page_id=35\"]}]},{\"@type\":\"BreadcrumbList\",\"@id\":\"https:\/\/naturheilpraxis-potthoff.de\/?page_id=35#breadcrumb\",\"itemListElement\":[{\"@type\":\"ListItem\",\"position\":1,\"name\":\"Startseite\",\"item\":\"https:\/\/naturheilpraxis-potthoff.de\/\"},{\"@type\":\"ListItem\",\"position\":2,\"name\":\"Orthomolekulare Medizin\"}]}]}<\/script>\n<!-- \/ Yoast SEO plugin. -->","yoast_head_json":{"title":"Orthomolekulare Medizin - Naturheilkunde","robots":{"index":"index","follow":"follow","max-snippet":"max-snippet:-1","max-image-preview":"max-image-preview:large","max-video-preview":"max-video-preview:-1"},"canonical":"https:\/\/naturheilpraxis-potthoff.de\/?page_id=35","og_locale":"de_DE","og_type":"article","og_title":"Orthomolekulare Medizin - Naturheilkunde","og_description":"Wenn jemand von sich aus Vitamine und Mineralstoffe als Nahrungserg\u00e4nzung einnimmt, ist das oft nicht sinnvoll. Es geschieht nicht gezielt genug. Die Orthomolekular-Medizin ist mehr als das. Sie liegt im Mittelfeld zwischen den Erkenntnissen und Behandlungsmethoden der Ern\u00e4hrungswissenschaft und den medizinischen Medikamenten und Therapie-Konzepten. Was ist orthomolekulare Medizin? Als Initiator und &#8220;Inspirator&#8221; f\u00fcr die Orthomolekular-Medizin [&hellip;]","og_url":"https:\/\/naturheilpraxis-potthoff.de\/?page_id=35","og_site_name":"Naturheilkunde","article_modified_time":"2020-07-29T17:43:44+00:00","og_image":[{"width":2560,"height":1707,"url":"https:\/\/naturheilpraxis-potthoff.de\/wp-content\/uploads\/2020\/07\/orthomolekulare-medizin-scaled.jpg","type":"image\/jpeg"}],"twitter_card":"summary_large_image","twitter_misc":{"Gesch\u00e4tzte Lesezeit":"4\u00a0Minuten"},"schema":{"@context":"https:\/\/schema.org","@graph":[{"@type":"WebSite","@id":"https:\/\/naturheilpraxis-potthoff.de\/#website","url":"https:\/\/naturheilpraxis-potthoff.de\/","name":"Naturheilkunde","description":"Ihr digitaler Naturheilratgeber","potentialAction":[{"@type":"SearchAction","target":{"@type":"EntryPoint","urlTemplate":"https:\/\/naturheilpraxis-potthoff.de\/?s={search_term_string}"},"query-input":"required name=search_term_string"}],"inLanguage":"de"},{"@type":"WebPage","@id":"https:\/\/naturheilpraxis-potthoff.de\/?page_id=35","url":"https:\/\/naturheilpraxis-potthoff.de\/?page_id=35","name":"Orthomolekulare Medizin - Naturheilkunde","isPartOf":{"@id":"https:\/\/naturheilpraxis-potthoff.de\/#website"},"datePublished":"2020-07-29T09:20:31+00:00","dateModified":"2020-07-29T17:43:44+00:00","breadcrumb":{"@id":"https:\/\/naturheilpraxis-potthoff.de\/?page_id=35#breadcrumb"},"inLanguage":"de","potentialAction":[{"@type":"ReadAction","target":["https:\/\/naturheilpraxis-potthoff.de\/?page_id=35"]}]},{"@type":"BreadcrumbList","@id":"https:\/\/naturheilpraxis-potthoff.de\/?page_id=35#breadcrumb","itemListElement":[{"@type":"ListItem","position":1,"name":"Startseite","item":"https:\/\/naturheilpraxis-potthoff.de\/"},{"@type":"ListItem","position":2,"name":"Orthomolekulare Medizin"}]}]}},"_links":{"self":[{"href":"https:\/\/naturheilpraxis-potthoff.de\/index.php?rest_route=\/wp\/v2\/pages\/35"}],"collection":[{"href":"https:\/\/naturheilpraxis-potthoff.de\/index.php?rest_route=\/wp\/v2\/pages"}],"about":[{"href":"https:\/\/naturheilpraxis-potthoff.de\/index.php?rest_route=\/wp\/v2\/types\/page"}],"author":[{"embeddable":true,"href":"https:\/\/naturheilpraxis-potthoff.de\/index.php?rest_route=\/wp\/v2\/users\/2"}],"replies":[{"embeddable":true,"href":"https:\/\/naturheilpraxis-potthoff.de\/index.php?rest_route=%2Fwp%2Fv2%2Fcomments&post=35"}],"version-history":[{"count":1,"href":"https:\/\/naturheilpraxis-potthoff.de\/index.php?rest_route=\/wp\/v2\/pages\/35\/revisions"}],"predecessor-version":[{"id":36,"href":"https:\/\/naturheilpraxis-potthoff.de\/index.php?rest_route=\/wp\/v2\/pages\/35\/revisions\/36"}],"wp:featuredmedia":[{"embeddable":true,"href":"https:\/\/naturheilpraxis-potthoff.de\/index.php?rest_route=\/wp\/v2\/media\/65"}],"wp:attachment":[{"href":"https:\/\/naturheilpraxis-potthoff.de\/index.php?rest_route=%2Fwp%2Fv2%2Fmedia&parent=35"}],"curies":[{"name":"wp","href":"https:\/\/api.w.org\/{rel}","templated":true}]}}