{"id":10,"date":"2020-06-05T18:13:11","date_gmt":"2020-06-05T18:13:11","guid":{"rendered":"https:\/\/naturheilpraxis-potthoff.de\/?page_id=10"},"modified":"2020-07-29T18:00:24","modified_gmt":"2020-07-29T18:00:24","slug":"was-ist-eigentlich-ein-naturheilpraktiker","status":"publish","type":"page","link":"https:\/\/naturheilpraxis-potthoff.de\/","title":{"rendered":"Was ist eigentlich ein Naturheilpraktiker?"},"content":{"rendered":"\n<p>Ein Naturheilpraktiker ist ein Gesundheitsexperte, der nat\u00fcrliche Therapien anwendet. Sein Spektrum umfasst weit mehr als Fasten, Ern\u00e4hrung, Wasser und Bewegung; es umfasst anerkannte Naturheilverfahren wie Hom\u00f6opathie, Akupunktur und Kr\u00e4utermedizin sowie den Einsatz moderner Methoden wie Bioresonanz, Ozontherapie und Colon-Hydro-Therapie. In einer Zeit, in der moderne Technologie, Umweltverschmutzung, falsche Ern\u00e4hrung und Stress eine bedeutende Rolle bei der Verschlechterung der Gesundheit spielen, ist die F\u00e4higkeit eines Naturheilkundigen, nat\u00fcrliche Heilmethoden anzuwenden, von erheblicher Bedeutung.<\/p>\n\n\n\n<p>H\u00e4ufig ist ein Heilpraktiker das letzte Mittel auf der langen Suche eines Patienten nach Gesundheit. Der Naturarzt bietet jedem Patienten eine pers\u00f6nliche Betreuung und sieht den Menschen als eine ganzheitliche Einheit von K\u00f6rper, Geist und Seele.<\/p>\n\n\n\n<blockquote class=\"wp-block-quote\"><p><em>Mit einer Reihe von alternativen Diagnosemethoden kann ein Naturheilkundiger oft schon vor dem Ausbruch einer akuten Erkrankung erfolgreich eine Veranlagung im K\u00f6rper feststellen und den Patienten mit spezifischen Therapien und Ver\u00e4nderungen im Lebensstil des Patienten behandeln.<\/em><\/p><\/blockquote>\n\n\n\n<p>Ein Naturheilpraktiker praktiziert in der Regel in einem freiberuflichen Umfeld, mit der M\u00f6glichkeit, in Krankenh\u00e4usern, Heilb\u00e4dern, in der Forschung, im Gesundheitswesen, in der Verwaltung, im Management im Einzelhandel oder in den Medien zu arbeiten. Man kann einen Naturheilpraktiker in einer Ern\u00e4hrungs- und Familienberatung sowie in einer Sch\u00f6nheitsklinik finden. Eine Spezialisierung auf Unfruchtbarkeit, Hautprobleme, Sport, Kinder oder Geriatrie ist m\u00f6glich. Die wachsende Akzeptanz der Naturheilkunde weltweit und die gr\u00f6\u00dfere Bewegung und Kommunikation innerhalb der Europ\u00e4ischen Union bietet eine F\u00fclle von M\u00f6glichkeiten f\u00fcr die zuk\u00fcnftige berufliche und pers\u00f6nliche Entwicklung.<\/p>\n\n\n\n<h2><strong>Die Urspr\u00fcnge der Naturheilkunde<\/strong><\/h2>\n\n\n\n<p>Die Prinzipien der Naturheilkunde wurden erstmals etwa 400 v. Chr. von der Hippokratischen Schule f\u00fcr Medizin angewendet. Der griechische Philosoph Hippokrates glaubte an die Betrachtung des ganzen Menschen im Hinblick auf die Suche nach der Ursache einer Krankheit und an die Anwendung der Naturgesetze zur Herbeif\u00fchrung von Heilung. Aus dieser urspr\u00fcnglichen Denkschule leitet die Naturheilkunde ihre Prinzipien ab.<\/p>\n\n\n\n<ul><li>Die heilende Kraft der Natur &#8211; die Natur hat die angeborene F\u00e4higkeit zu heilen<\/li><li>Identifizieren und behandeln Sie die Ursache &#8211; es gibt immer eine zugrunde liegende Ursache, sei sie k\u00f6rperlich oder emotional<\/li><li>Sch\u00e4digen Sie nicht &#8211; ein Naturheilkundiger wird niemals Behandlungen anwenden, die andere Krankheiten hervorrufen k\u00f6nnen<\/li><li>Behandeln Sie die ganze Person &#8211; bei der Vorbereitung eines Behandlungsplans werden alle Aspekte des Wesens einer Person in Betracht gezogen<\/li><li>Der Heilpraktiker als Lehrer &#8211; ein Heilpraktiker bef\u00e4higt den Patienten, Verantwortung f\u00fcr seine eigene Gesundheit zu \u00fcbernehmen, indem er Selbstpflege lehrt<\/li><li>Vorbeugen ist besser als heilen &#8211; ein Naturheilpraktiker kann toxische Substanzen und Situationen aus dem Lebensstil eines Patienten entfernen, um den Ausbruch weiterer Krankheiten zu verhindern<\/li><\/ul>\n\n\n\n<h2><strong>Aus Steven Langley&#8217;s &#8216;Arbeitsbuch der Naturheilkunde&#8217;.<\/strong><\/h2>\n\n\n\n<p>Naturheilkunde, oder Naturheilkunde, beruht auf einem Grundprinzip &#8211; vis medicatrix naturae &#8211; der Heilkraft der Natur. Dies wurde vor f\u00fcnfundzwanzig Jahrhunderten deutlich, als Hippokrates sagte: &#8220;Gesundheit ist der Ausdruck eines harmonischen Gleichgewichts zwischen den verschiedenen Komponenten der Natur des Menschen, der Umwelt und der Lebensweise &#8211; die Natur ist der Arzt der Krankheit. Der Mensch war Teil der Natur und des Universums, und Gesundheit wurde erreicht, indem man nach diesem Prinzip lebte. Die Harmonie wurde durch richtige Ern\u00e4hrung, Wasserbehandlung, Ruhe, Sonnenschein und Fasten gef\u00f6rdert. Medizin, Religion und Wissenschaft waren eng miteinander verbunden, und der Mensch wurde als Ganzes gesehen &#8211; als physisches, geistiges, emotionales und spirituelles Wesen. Dieselbe Lebenskraft oder Chi (Qi), die das Universum und die Natur ausmachte, floss durch den Menschen, und es war seine Verlagerung aus dieser Quelle, die Krankheit verursachte. Die fr\u00fchen Naturheilkundler erkannten, dass sich der K\u00f6rper auf nat\u00fcrliche Weise selbst heilen w\u00fcrde, wenn man dem Patienten die Lebenskraft wiedergeben k\u00f6nnte.<\/p>\n\n\n\n<blockquote class=\"wp-block-quote\"><p><em>Der K\u00f6rper hat diese F\u00e4higkeit, sich selbst zu heilen, wenn die richtigen Bedingungen gegeben sind, und die Naturheilkunde, zusammen mit Akupunktur, Hom\u00f6opathie, Kr\u00e4utermedizin und den meisten anderen ganzheitlichen Modalit\u00e4ten, folgt diesem grundlegenden Verst\u00e4ndnis der k\u00f6rpereigenen angeborenen Intelligenz.<\/em><\/p><\/blockquote>\n\n\n\n<h2><strong>Moderne Naturheilkunde<\/strong><\/h2>\n\n\n\n<p>Die moderne Schulmedizin, abgesehen von all ihren positiven und n\u00fctzlichen Eigenschaften, ist weder mit dieser Idee des Ganzheitlichkeitsprinzips noch mit der Bedeutung der Pr\u00e4vention einverstanden. Bereits im zweiten Jahrhundert v. Chr. sagte der Gelbe Kaiser in der Klassik der Inneren Medizin: Ein Arzt, der eine Krankheit behandelt, nachdem sie passiert ist, ist ein mittelm\u00e4ssiger Arzt&#8230;ein Arzt, der eine Krankheit behandelt, bevor sie passiert, ist ein \u00fcberlegener Arzt. Chinesische \u00c4rzte wurden in der Tat daf\u00fcr bezahlt, ihre Patienten gesund zu halten, und wurden entweder entlassen oder nicht bezahlt, wenn der Patient krank wurde. Dies gew\u00e4hrleistete ein Gesundheitssystem, nicht ein krankes Gesundheitssystem, wie wir es kennen. Leider hat sich dieses Verst\u00e4ndnis in ein neues Paradigma gewandelt &#8211; warten Sie, bis es gebrochen ist, und dann reparieren Sie es. Dies ist keine intelligente Medizin, und Teil der Rolle eines Naturheilkundigen ist es, den Patienten in die Lage zu versetzen, Verantwortung f\u00fcr seine eigene Gesundheit zu \u00fcbernehmen. Dies ist nicht immer eine leichte Aufgabe in einer feindseligen Umgebung von Giftstoffen und Chemikalien.<\/p>\n\n\n\n<h2><strong>Herausforderungen<\/strong><\/h2>\n\n\n\n<p>Der moderne Naturheilkundler steht vor viel mehr Herausforderungen als seine Vorfahren. Die meisten von uns leben heute in einem Meer von Elektrosmog, gepaart mit einer F\u00fclle von chemischen Schadstoffen, die dem Menschen vor 40 Jahren noch v\u00f6llig fremd waren. Hinzu kommt eine Dosis denaturierter Lebensmittel, die von der Technologie im Schnellverfahren hergestellt werden, und wir haben eine berauschende Mischung von Gesundheitsproblemen, die darauf warten, zu passieren. Kurz gesagt, die meisten Menschen haben zu viel von dem, was sie nicht in ihrem K\u00f6rper haben sollten, und nicht genug von dem, was sie haben sollten. Der Naturheilkundige von heute braucht einen sehr eklektischen Ansatz, um diesen Herausforderungen zu begegnen und seine Patienten wieder zu einer lebendigen Gesundheit zu f\u00fchren. Der moderne Naturheilkundler verliert zwar nie die Grundprinzipien der Naturheilkunde aus den Augen, kann aber eine Reihe von F\u00e4higkeiten wie Kr\u00e4uter, Hom\u00f6opathie, Manipulation, Bl\u00fctenessenzen, Akupunktur oder biochemische Nahrungserg\u00e4nzung einsetzen, um seine Arbeit zu erg\u00e4nzen. Diese k\u00f6nnen notwendig sein, um viele der Unterdr\u00fcckungen auszugleichen, die das Leben in unserer modernen Zeit mit all seinen Begleiterscheinungen mit sich bringt, die darauf abzielen, die Lebenskraft in unserem K\u00f6rper zu ersticken. &#8211; Steven Langley MSc, ND, DipHom, DBM, DipAc, OMD.<\/p>\n\n\n\n<h2><strong>Worin besteht eine Behandlung?<\/strong><\/h2>\n\n\n\n<p>Eine Erstkonsultation bei einem Naturheilpraktiker dauert in der Regel etwa eine Stunde. W\u00e4hrend dieser Zeit stellt der Naturheilkundige Fragen \u00fcber den Zustand, die medizinische Vorgeschichte, die Ern\u00e4hrung und Lebensweise der Person sowie \u00fcber eventuelle konventionelle Behandlungen. Der beratende Naturheilpraktiker kann dann die Iridologie (Untersuchung der Iris) oder die Zungen- und Nageldiagnose anwenden, um sich ein besseres Bild vom vollst\u00e4ndigen Gesundheitszustand des Klienten zu machen. Falls erforderlich, k\u00f6nnen pathologische Untersuchungen wie Haar-, Stuhl- oder Blutanalysen empfohlen werden. Sobald alle Informationen gesammelt sind, wird ein Behandlungsplan formuliert, der alle Lebensbereiche der Person ber\u00fccksichtigt und dem K\u00f6rper die optimale Chance bietet, sich selbst zu heilen. Der Behandlungsplan kann Ratschl\u00e4ge zu Ern\u00e4hrung, Lebensstil, Bewegung, Kr\u00e4utermedizin, hom\u00f6opathischen Behandlungen oder anderen geeigneten Heilmitteln enthalten. Ein Naturheilpraktiker kann den Klienten im Rahmen eines integrierten Gesundheitsversorgungsansatzes auch an andere Behandler verweisen.<\/p>\n","protected":false},"excerpt":{"rendered":"<p>Ein Naturheilpraktiker ist ein Gesundheitsexperte, der nat\u00fcrliche Therapien anwendet. Sein Spektrum umfasst weit mehr als Fasten, Ern\u00e4hrung, Wasser und Bewegung; es umfasst anerkannte Naturheilverfahren wie Hom\u00f6opathie, Akupunktur und Kr\u00e4utermedizin sowie den Einsatz moderner Methoden wie Bioresonanz, Ozontherapie und Colon-Hydro-Therapie. In einer Zeit, in der moderne Technologie, Umweltverschmutzung, falsche Ern\u00e4hrung und Stress eine bedeutende Rolle bei [&hellip;]<\/p>\n","protected":false},"author":2,"featured_media":83,"parent":0,"menu_order":0,"comment_status":"closed","ping_status":"closed","template":"templates\/template-cover.php","meta":[],"yoast_head":"<!-- This site is optimized with the Yoast SEO plugin v19.4 - https:\/\/yoast.com\/wordpress\/plugins\/seo\/ -->\n<title>Was ist eigentlich ein Naturheilpraktiker? - Naturheilkunde<\/title>\n<meta name=\"robots\" content=\"index, follow, max-snippet:-1, max-image-preview:large, max-video-preview:-1\" \/>\n<link rel=\"canonical\" href=\"https:\/\/naturheilpraxis-potthoff.de\/\" \/>\n<meta property=\"og:locale\" content=\"de_DE\" \/>\n<meta property=\"og:type\" content=\"article\" \/>\n<meta property=\"og:title\" content=\"Was ist eigentlich ein Naturheilpraktiker? - Naturheilkunde\" \/>\n<meta property=\"og:description\" content=\"Ein Naturheilpraktiker ist ein Gesundheitsexperte, der nat\u00fcrliche Therapien anwendet. Sein Spektrum umfasst weit mehr als Fasten, Ern\u00e4hrung, Wasser und Bewegung; es umfasst anerkannte Naturheilverfahren wie Hom\u00f6opathie, Akupunktur und Kr\u00e4utermedizin sowie den Einsatz moderner Methoden wie Bioresonanz, Ozontherapie und Colon-Hydro-Therapie. In einer Zeit, in der moderne Technologie, Umweltverschmutzung, falsche Ern\u00e4hrung und Stress eine bedeutende Rolle bei [&hellip;]\" \/>\n<meta property=\"og:url\" content=\"https:\/\/naturheilpraxis-potthoff.de\/\" \/>\n<meta property=\"og:site_name\" content=\"Naturheilkunde\" \/>\n<meta property=\"article:modified_time\" content=\"2020-07-29T18:00:24+00:00\" \/>\n<meta property=\"og:image\" content=\"https:\/\/naturheilpraxis-potthoff.de\/wp-content\/uploads\/2020\/07\/naturheilkunde-scaled.jpg\" \/>\n\t<meta property=\"og:image:width\" content=\"2560\" \/>\n\t<meta property=\"og:image:height\" content=\"1696\" \/>\n\t<meta property=\"og:image:type\" content=\"image\/jpeg\" \/>\n<meta name=\"twitter:card\" content=\"summary_large_image\" \/>\n<meta name=\"twitter:label1\" content=\"Gesch\u00e4tzte Lesezeit\" \/>\n\t<meta name=\"twitter:data1\" content=\"6\u00a0Minuten\" \/>\n<script type=\"application\/ld+json\" class=\"yoast-schema-graph\">{\"@context\":\"https:\/\/schema.org\",\"@graph\":[{\"@type\":\"WebSite\",\"@id\":\"https:\/\/naturheilpraxis-potthoff.de\/#website\",\"url\":\"https:\/\/naturheilpraxis-potthoff.de\/\",\"name\":\"Naturheilkunde\",\"description\":\"Ihr digitaler Naturheilratgeber\",\"potentialAction\":[{\"@type\":\"SearchAction\",\"target\":{\"@type\":\"EntryPoint\",\"urlTemplate\":\"https:\/\/naturheilpraxis-potthoff.de\/?s={search_term_string}\"},\"query-input\":\"required name=search_term_string\"}],\"inLanguage\":\"de\"},{\"@type\":\"WebPage\",\"@id\":\"https:\/\/naturheilpraxis-potthoff.de\/\",\"url\":\"https:\/\/naturheilpraxis-potthoff.de\/\",\"name\":\"Was ist eigentlich ein Naturheilpraktiker? - Naturheilkunde\",\"isPartOf\":{\"@id\":\"https:\/\/naturheilpraxis-potthoff.de\/#website\"},\"datePublished\":\"2020-06-05T18:13:11+00:00\",\"dateModified\":\"2020-07-29T18:00:24+00:00\",\"breadcrumb\":{\"@id\":\"https:\/\/naturheilpraxis-potthoff.de\/#breadcrumb\"},\"inLanguage\":\"de\",\"potentialAction\":[{\"@type\":\"ReadAction\",\"target\":[\"https:\/\/naturheilpraxis-potthoff.de\/\"]}]},{\"@type\":\"BreadcrumbList\",\"@id\":\"https:\/\/naturheilpraxis-potthoff.de\/#breadcrumb\",\"itemListElement\":[{\"@type\":\"ListItem\",\"position\":1,\"name\":\"Startseite\",\"item\":\"https:\/\/naturheilpraxis-potthoff.de\/\"},{\"@type\":\"ListItem\",\"position\":2,\"name\":\"Was ist eigentlich ein Naturheilpraktiker?\"}]}]}<\/script>\n<!-- \/ Yoast SEO plugin. -->","yoast_head_json":{"title":"Was ist eigentlich ein Naturheilpraktiker? - Naturheilkunde","robots":{"index":"index","follow":"follow","max-snippet":"max-snippet:-1","max-image-preview":"max-image-preview:large","max-video-preview":"max-video-preview:-1"},"canonical":"https:\/\/naturheilpraxis-potthoff.de\/","og_locale":"de_DE","og_type":"article","og_title":"Was ist eigentlich ein Naturheilpraktiker? - Naturheilkunde","og_description":"Ein Naturheilpraktiker ist ein Gesundheitsexperte, der nat\u00fcrliche Therapien anwendet. Sein Spektrum umfasst weit mehr als Fasten, Ern\u00e4hrung, Wasser und Bewegung; es umfasst anerkannte Naturheilverfahren wie Hom\u00f6opathie, Akupunktur und Kr\u00e4utermedizin sowie den Einsatz moderner Methoden wie Bioresonanz, Ozontherapie und Colon-Hydro-Therapie. In einer Zeit, in der moderne Technologie, Umweltverschmutzung, falsche Ern\u00e4hrung und Stress eine bedeutende Rolle bei [&hellip;]","og_url":"https:\/\/naturheilpraxis-potthoff.de\/","og_site_name":"Naturheilkunde","article_modified_time":"2020-07-29T18:00:24+00:00","og_image":[{"width":2560,"height":1696,"url":"https:\/\/naturheilpraxis-potthoff.de\/wp-content\/uploads\/2020\/07\/naturheilkunde-scaled.jpg","type":"image\/jpeg"}],"twitter_card":"summary_large_image","twitter_misc":{"Gesch\u00e4tzte Lesezeit":"6\u00a0Minuten"},"schema":{"@context":"https:\/\/schema.org","@graph":[{"@type":"WebSite","@id":"https:\/\/naturheilpraxis-potthoff.de\/#website","url":"https:\/\/naturheilpraxis-potthoff.de\/","name":"Naturheilkunde","description":"Ihr digitaler Naturheilratgeber","potentialAction":[{"@type":"SearchAction","target":{"@type":"EntryPoint","urlTemplate":"https:\/\/naturheilpraxis-potthoff.de\/?s={search_term_string}"},"query-input":"required name=search_term_string"}],"inLanguage":"de"},{"@type":"WebPage","@id":"https:\/\/naturheilpraxis-potthoff.de\/","url":"https:\/\/naturheilpraxis-potthoff.de\/","name":"Was ist eigentlich ein Naturheilpraktiker? - Naturheilkunde","isPartOf":{"@id":"https:\/\/naturheilpraxis-potthoff.de\/#website"},"datePublished":"2020-06-05T18:13:11+00:00","dateModified":"2020-07-29T18:00:24+00:00","breadcrumb":{"@id":"https:\/\/naturheilpraxis-potthoff.de\/#breadcrumb"},"inLanguage":"de","potentialAction":[{"@type":"ReadAction","target":["https:\/\/naturheilpraxis-potthoff.de\/"]}]},{"@type":"BreadcrumbList","@id":"https:\/\/naturheilpraxis-potthoff.de\/#breadcrumb","itemListElement":[{"@type":"ListItem","position":1,"name":"Startseite","item":"https:\/\/naturheilpraxis-potthoff.de\/"},{"@type":"ListItem","position":2,"name":"Was ist eigentlich ein Naturheilpraktiker?"}]}]}},"_links":{"self":[{"href":"https:\/\/naturheilpraxis-potthoff.de\/index.php?rest_route=\/wp\/v2\/pages\/10"}],"collection":[{"href":"https:\/\/naturheilpraxis-potthoff.de\/index.php?rest_route=\/wp\/v2\/pages"}],"about":[{"href":"https:\/\/naturheilpraxis-potthoff.de\/index.php?rest_route=\/wp\/v2\/types\/page"}],"author":[{"embeddable":true,"href":"https:\/\/naturheilpraxis-potthoff.de\/index.php?rest_route=\/wp\/v2\/users\/2"}],"replies":[{"embeddable":true,"href":"https:\/\/naturheilpraxis-potthoff.de\/index.php?rest_route=%2Fwp%2Fv2%2Fcomments&post=10"}],"version-history":[{"count":6,"href":"https:\/\/naturheilpraxis-potthoff.de\/index.php?rest_route=\/wp\/v2\/pages\/10\/revisions"}],"predecessor-version":[{"id":74,"href":"https:\/\/naturheilpraxis-potthoff.de\/index.php?rest_route=\/wp\/v2\/pages\/10\/revisions\/74"}],"wp:featuredmedia":[{"embeddable":true,"href":"https:\/\/naturheilpraxis-potthoff.de\/index.php?rest_route=\/wp\/v2\/media\/83"}],"wp:attachment":[{"href":"https:\/\/naturheilpraxis-potthoff.de\/index.php?rest_route=%2Fwp%2Fv2%2Fmedia&parent=10"}],"curies":[{"name":"wp","href":"https:\/\/api.w.org\/{rel}","templated":true}]}}